{"id":13374,"date":"2025-11-28T18:39:40","date_gmt":"2025-11-28T11:39:40","guid":{"rendered":"https:\/\/dandanessentials.com\/product\/noi-trang-men-mau-rainbow-collection-andy-mannhart\/"},"modified":"2025-12-05T18:07:03","modified_gmt":"2025-12-05T11:07:03","slug":"noi-trang-men-mau-rainbow-collection-andy-mannhart","status":"publish","type":"product","link":"https:\/\/dandanessentials.com\/en\/product\/noi-trang-men-mau-rainbow-collection-andy-mannhart\/","title":{"rendered":"N\u1ed3i s\u1eafc m\u00e0u \u0111a n\u0103ng Andy Mannhart &#8211; Rainbow Collection"},"content":{"rendered":"","protected":false},"excerpt":{"rendered":"<p>N\u1ed3i tr\u00e1ng men m\u00e0u<\/p>\n<p>K\u00edch th\u01b0\u1edbc:<\/p>\n<p>\u00d8=16.0cm, h=8.0cm, 1.6Ltr<\/p>\n<p>\u00d8=20.0cm, h=10.0cm, 3.1Ltr<\/p>\n<p>Ch\u1ea5t li\u1ec7u: Stainless steel<\/p>\n<p>Collection: Rainbow by Andy Mannhart<\/p>\n<p>Made in Spain<\/p>\n<p data-start=\"420\" data-end=\"442\"><strong data-start=\"424\" data-end=\"442\">M\u00f4 t\u1ea3 s\u1ea3n ph\u1ea9m<\/strong><\/p>\n<p>L\u1ea5y c\u1ea3m h\u1ee9ng t\u1eeb kh\u00f4ng gian b\u1ebfp chuy\u00ean nghi\u1ec7p, s\u1ea3n ph\u1ea9m mang \u0111\u1ebfn tr\u1ea3i nghi\u1ec7m n\u1ea5u n\u01b0\u1edbng ti\u1ec7n l\u1ee3i, an to\u00e0n v\u00e0 \u0111\u1ea1t chu\u1ea9n ch\u1ea5t l\u01b0\u1ee3ng nh\u00e0 h\u00e0ng.<\/p>\n<p data-start=\"693\" data-end=\"717\"><strong data-start=\"697\" data-end=\"717\">\u0110\u1eb7c \u0111i\u1ec3m n\u1ed5i b\u1eadt<\/strong><\/p>\n<ul data-start=\"718\" data-end=\"1244\">\n<li data-start=\"718\" data-end=\"846\"><strong data-start=\"720\" data-end=\"743\">Whitford Technology<\/strong><br data-start=\"743\" data-end=\"746\" \/>C\u00f4ng ngh\u1ec7 ph\u1ee7 m\u00e0u an to\u00e0n th\u1ef1c ph\u1ea9m, ch\u1ecbu nhi\u1ec7t cao, h\u1ea1n ch\u1ebf bong tr\u00f3c v\u00e0 phai m\u00e0u theo th\u1eddi gian.<\/li>\n<li data-start=\"848\" data-end=\"1003\"><strong data-start=\"850\" data-end=\"889\">Concept \u201cStraight from the Kitchen\u201d<\/strong><br data-start=\"889\" data-end=\"892\" \/>Cho ph\u00e9p <strong data-start=\"903\" data-end=\"954\">n\u1ea5u tr\u1ef1c ti\u1ebfp v\u00e0 ph\u1ee5c v\u1ee5 tr\u00ean c\u00f9ng m\u1ed9t s\u1ea3n ph\u1ea9m<\/strong>, mang tr\u1ea3i nghi\u1ec7m b\u1ebfp nh\u00e0 h\u00e0ng \u0111\u1ebfn th\u1eb3ng b\u00e0n \u0103n.<\/li>\n<\/ul>\n<p>\u0110\u01a1n v\u1ecb t\u00ednh: c\u00e1i<\/p>\n","protected":false},"featured_media":12575,"comment_status":"open","ping_status":"closed","template":"","meta":{"_acf_changed":false},"product_brand":[],"product_cat":[210],"product_tag":[],"class_list":{"0":"post-13374","1":"product","2":"type-product","3":"status-publish","4":"has-post-thumbnail","6":"product_cat-rainbow-en","8":"first","9":"instock","10":"taxable","11":"shipping-taxable","12":"purchasable","13":"product-type-variable"},"acf":[],"_links":{"self":[{"href":"https:\/\/dandanessentials.com\/en\/wp-json\/wp\/v2\/product\/13374","targetHints":{"allow":["GET"]}}],"collection":[{"href":"https:\/\/dandanessentials.com\/en\/wp-json\/wp\/v2\/product"}],"about":[{"href":"https:\/\/dandanessentials.com\/en\/wp-json\/wp\/v2\/types\/product"}],"replies":[{"embeddable":true,"href":"https:\/\/dandanessentials.com\/en\/wp-json\/wp\/v2\/comments?post=13374"}],"wp:featuredmedia":[{"embeddable":true,"href":"https:\/\/dandanessentials.com\/en\/wp-json\/wp\/v2\/media\/12575"}],"wp:attachment":[{"href":"https:\/\/dandanessentials.com\/en\/wp-json\/wp\/v2\/media?parent=13374"}],"wp:term":[{"taxonomy":"product_brand","embeddable":true,"href":"https:\/\/dandanessentials.com\/en\/wp-json\/wp\/v2\/product_brand?post=13374"},{"taxonomy":"product_cat","embeddable":true,"href":"https:\/\/dandanessentials.com\/en\/wp-json\/wp\/v2\/product_cat?post=13374"},{"taxonomy":"product_tag","embeddable":true,"href":"https:\/\/dandanessentials.com\/en\/wp-json\/wp\/v2\/product_tag?post=13374"}],"curies":[{"name":"wp","href":"https:\/\/api.w.org\/{rel}","templated":true}]}}