{"id":13330,"date":"2025-12-01T09:17:37","date_gmt":"2025-12-01T02:17:37","guid":{"rendered":"https:\/\/dandanessentials.com\/?post_type=product&#038;p=13330"},"modified":"2025-12-02T10:01:07","modified_gmt":"2025-12-02T03:01:07","slug":"set-ly-tra-coffee-luzerne-giang-sinh-tang-kem-1-muong-ca-phe","status":"publish","type":"product","link":"https:\/\/dandanessentials.com\/en\/product\/set-ly-tra-coffee-luzerne-giang-sinh-tang-kem-1-muong-ca-phe\/","title":{"rendered":"Set Ly Tr\u00e0 &#038; Coffee Luzerne Gi\u00e1ng Sinh ( t\u1eb7ng k\u00e8m 1 mu\u1ed7ng c\u00e0 ph\u00ea )"},"content":{"rendered":"","protected":false},"excerpt":{"rendered":"<p>Ch\u1ea5t li\u1ec7u : G\u1ed1m s\u1ee9 cao c\u1ea5p m\u1ea1 V\u00e0ng &amp; B\u1ea1c<\/p>\n<p>Collection : Gi\u00e1ng Sinh<\/p>\n<p>Made in Singapore<\/p>\n<p><strong>Full Set bao g\u1ed3m 5 s\u1ea3n ph\u1ea9m sau :\u00a0<\/strong><\/p>\n<p>&#8211; 2 t\u00e1ch 270ml + 2 d\u0129a l\u00f3t 17cm + 1 mu\u1ed7ng c\u00e0 ph\u00ea<\/p>\n","protected":false},"featured_media":13350,"comment_status":"open","ping_status":"closed","template":"","meta":{"_acf_changed":false},"product_brand":[147],"product_cat":[98],"product_tag":[],"class_list":{"0":"post-13330","1":"product","2":"type-product","3":"status-publish","4":"has-post-thumbnail","6":"product_brand-luzerne-en","7":"product_cat-chinaware","9":"first","10":"instock","11":"featured","12":"taxable","13":"shipping-taxable","14":"purchasable","15":"product-type-variable"},"acf":[],"_links":{"self":[{"href":"https:\/\/dandanessentials.com\/en\/wp-json\/wp\/v2\/product\/13330","targetHints":{"allow":["GET"]}}],"collection":[{"href":"https:\/\/dandanessentials.com\/en\/wp-json\/wp\/v2\/product"}],"about":[{"href":"https:\/\/dandanessentials.com\/en\/wp-json\/wp\/v2\/types\/product"}],"replies":[{"embeddable":true,"href":"https:\/\/dandanessentials.com\/en\/wp-json\/wp\/v2\/comments?post=13330"}],"wp:featuredmedia":[{"embeddable":true,"href":"https:\/\/dandanessentials.com\/en\/wp-json\/wp\/v2\/media\/13350"}],"wp:attachment":[{"href":"https:\/\/dandanessentials.com\/en\/wp-json\/wp\/v2\/media?parent=13330"}],"wp:term":[{"taxonomy":"product_brand","embeddable":true,"href":"https:\/\/dandanessentials.com\/en\/wp-json\/wp\/v2\/product_brand?post=13330"},{"taxonomy":"product_cat","embeddable":true,"href":"https:\/\/dandanessentials.com\/en\/wp-json\/wp\/v2\/product_cat?post=13330"},{"taxonomy":"product_tag","embeddable":true,"href":"https:\/\/dandanessentials.com\/en\/wp-json\/wp\/v2\/product_tag?post=13330"}],"curies":[{"name":"wp","href":"https:\/\/api.w.org\/{rel}","templated":true}]}}