{"id":12595,"date":"2025-11-29T09:12:58","date_gmt":"2025-11-29T02:12:58","guid":{"rendered":"https:\/\/dandanessentials.com\/?post_type=product&#038;p=12595"},"modified":"2025-12-08T12:31:28","modified_gmt":"2025-12-08T05:31:28","slug":"full-set-to-chen-dia-luzerne-lancaster-garden","status":"publish","type":"product","link":"https:\/\/dandanessentials.com\/en\/product\/full-set-to-chen-dia-luzerne-lancaster-garden\/","title":{"rendered":"Full Set 7 pcs T\u00f4 &#038; Ch\u00e9n &#038; D\u0129a Luzerne LANCASTER GARDEN"},"content":{"rendered":"","protected":false},"excerpt":{"rendered":"<p>Ch\u1ea5t li\u1ec7u : G\u1ed1m s\u1ee9 cao c\u1ea5p<\/p>\n<p>Collection : Lancaster Garden<\/p>\n<p>Made in Singapore<\/p>\n<p><strong>Full Set bao g\u1ed3m 7 s\u1ea3n ph\u1ea9m sau :\u00a0<\/strong><\/p>\n<p>&#8211; 1 Ch\u00e9n s\u1ee9 tr\u00f2n 10.5cm<\/p>\n<p>&#8211; 1 T\u00f4 s\u1ee9 tr\u00f2n 15cm<\/p>\n<p>&#8211; 1 T\u00f4 s\u1ee9 tr\u00f2n 21cm<\/p>\n<p>&#8211; 1 D\u0129a s\u1ee9 oval 25cm<\/p>\n<p>&#8211; 1 D\u0129a s\u1ee9 tr\u00f2n 16.5cm<\/p>\n<p>&#8211; 1 D\u0129a s\u1ee9 tr\u00f2n 20.5cm<\/p>\n<p>&#8211; 1 D\u0129a s\u1ee9 tr\u00f2n 27cm<\/p>\n<p>&nbsp;<\/p>\n","protected":false},"featured_media":12608,"comment_status":"open","ping_status":"closed","template":"","meta":{"_acf_changed":false},"product_brand":[147],"product_cat":[98],"product_tag":[],"class_list":{"0":"post-12595","1":"product","2":"type-product","3":"status-publish","4":"has-post-thumbnail","6":"product_brand-luzerne-en","7":"product_cat-chinaware","9":"first","10":"instock","11":"taxable","12":"shipping-taxable","13":"purchasable","14":"product-type-variable"},"acf":[],"_links":{"self":[{"href":"https:\/\/dandanessentials.com\/en\/wp-json\/wp\/v2\/product\/12595","targetHints":{"allow":["GET"]}}],"collection":[{"href":"https:\/\/dandanessentials.com\/en\/wp-json\/wp\/v2\/product"}],"about":[{"href":"https:\/\/dandanessentials.com\/en\/wp-json\/wp\/v2\/types\/product"}],"replies":[{"embeddable":true,"href":"https:\/\/dandanessentials.com\/en\/wp-json\/wp\/v2\/comments?post=12595"}],"wp:featuredmedia":[{"embeddable":true,"href":"https:\/\/dandanessentials.com\/en\/wp-json\/wp\/v2\/media\/12608"}],"wp:attachment":[{"href":"https:\/\/dandanessentials.com\/en\/wp-json\/wp\/v2\/media?parent=12595"}],"wp:term":[{"taxonomy":"product_brand","embeddable":true,"href":"https:\/\/dandanessentials.com\/en\/wp-json\/wp\/v2\/product_brand?post=12595"},{"taxonomy":"product_cat","embeddable":true,"href":"https:\/\/dandanessentials.com\/en\/wp-json\/wp\/v2\/product_cat?post=12595"},{"taxonomy":"product_tag","embeddable":true,"href":"https:\/\/dandanessentials.com\/en\/wp-json\/wp\/v2\/product_tag?post=12595"}],"curies":[{"name":"wp","href":"https:\/\/api.w.org\/{rel}","templated":true}]}}