{"id":11711,"date":"2025-11-21T10:03:32","date_gmt":"2025-11-21T03:03:32","guid":{"rendered":"https:\/\/dandanessentials.com\/?post_type=product&#038;p=11711"},"modified":"2025-11-21T10:05:49","modified_gmt":"2025-11-21T03:05:49","slug":"pastry-knife-wavy-blade-grey-handle-copy","status":"publish","type":"product","link":"https:\/\/dandanessentials.com\/en\/product\/pastry-knife-wavy-blade-grey-handle-copy\/","title":{"rendered":"Pastry knife, wavy blade, grey handle (Copy)"},"content":{"rendered":"","protected":false},"excerpt":{"rendered":"<p>Dao c\u1eaft b\u00e1nh 25cm, l\u01b0\u1ee1i l\u01b0\u1ee3n s\u00f3ng, c\u00e1n m\u00e0u x\u00e1m<br \/>\nTh\u01b0\u01a1ng hi\u1ec7u: ARCOS Made in Spain<\/p>\n","protected":false},"featured_media":11575,"comment_status":"open","ping_status":"closed","template":"","meta":{"_acf_changed":false},"product_brand":[],"product_cat":[21],"product_tag":[],"class_list":{"0":"post-11711","1":"product","2":"type-product","3":"status-publish","4":"has-post-thumbnail","6":"product_cat-do-thuy-tinh-pha-le","8":"first","9":"instock","10":"sale","11":"taxable","12":"shipping-taxable","13":"purchasable","14":"product-type-variable"},"acf":[],"_links":{"self":[{"href":"https:\/\/dandanessentials.com\/en\/wp-json\/wp\/v2\/product\/11711","targetHints":{"allow":["GET"]}}],"collection":[{"href":"https:\/\/dandanessentials.com\/en\/wp-json\/wp\/v2\/product"}],"about":[{"href":"https:\/\/dandanessentials.com\/en\/wp-json\/wp\/v2\/types\/product"}],"replies":[{"embeddable":true,"href":"https:\/\/dandanessentials.com\/en\/wp-json\/wp\/v2\/comments?post=11711"}],"wp:featuredmedia":[{"embeddable":true,"href":"https:\/\/dandanessentials.com\/en\/wp-json\/wp\/v2\/media\/11575"}],"wp:attachment":[{"href":"https:\/\/dandanessentials.com\/en\/wp-json\/wp\/v2\/media?parent=11711"}],"wp:term":[{"taxonomy":"product_brand","embeddable":true,"href":"https:\/\/dandanessentials.com\/en\/wp-json\/wp\/v2\/product_brand?post=11711"},{"taxonomy":"product_cat","embeddable":true,"href":"https:\/\/dandanessentials.com\/en\/wp-json\/wp\/v2\/product_cat?post=11711"},{"taxonomy":"product_tag","embeddable":true,"href":"https:\/\/dandanessentials.com\/en\/wp-json\/wp\/v2\/product_tag?post=11711"}],"curies":[{"name":"wp","href":"https:\/\/api.w.org\/{rel}","templated":true}]}}