{"id":11651,"date":"2017-06-14T08:42:20","date_gmt":"2017-06-14T08:42:20","guid":{"rendered":"https:\/\/dandanessentials.com\/product\/luzerne-round-couple-plate\/"},"modified":"2025-12-08T10:49:16","modified_gmt":"2025-12-08T03:49:16","slug":"set-tra-chieu-su-luzerne-lancaster-garden","status":"publish","type":"product","link":"https:\/\/dandanessentials.com\/en\/product\/set-tra-chieu-su-luzerne-lancaster-garden\/","title":{"rendered":"Set tr\u00e0 chi\u1ec1u s\u1ee9 Luzerne LANCASTER GARDEN"},"content":{"rendered":"","protected":false},"excerpt":{"rendered":"<p>Ch\u1ea5t li\u1ec7u : G\u1ed1m s\u1ee9 cao c\u1ea5p<\/p>\n<p>Collection : Lancaster Garden<\/p>\n<p>Made in Singapore<\/p>\n<p><strong>Full Set 1 b\u1ed9 bao g\u1ed3m 6 s\u1ea3n ph\u1ea9m sau :<\/strong><\/p>\n<p><strong>*Qu\u00fd kh\u00e1ch h\u00e0ng vui l\u00f2ng ch\u1ecdn option.<\/strong><\/p>\n<p><strong>\u0110\u01a1n v\u1ecb t\u00ednh l\u00e0 6 s\u1ea3n ph\u1ea9m\/option<\/strong><\/p>\n<p>&#8211; 1 B\u00ecnh tr\u00e0 s\u1ee9 k\u00e8m n\u1eafp 349ml<\/p>\n<p>&#8211; 1 R\u00f3t s\u1eefa s\u1ee9 179ml<\/p>\n<p>&#8211; 2 T\u00e1ch Espresso 78ml + 2 D\u0129a l\u00f3t 12cm<\/p>\n<p><strong>ho\u1eb7c<\/strong><\/p>\n<p>&#8211; 1 B\u00ecnh tr\u00e0 s\u1ee9 k\u00e8m n\u1eafp 769ml<\/p>\n<p>&#8211; 1 R\u00f3t s\u1eefa s\u1ee9 179ml<\/p>\n<p>&#8211; 2 T\u00e1ch 170ml + 2 D\u0129a l\u00f3t 15.5cm<\/p>\n<p>&nbsp;<\/p>\n<p>&nbsp;<\/p>\n","protected":false},"featured_media":12403,"comment_status":"open","ping_status":"closed","template":"","meta":{"_acf_changed":false},"product_brand":[147],"product_cat":[98],"product_tag":[],"class_list":{"0":"post-11651","1":"product","2":"type-product","3":"status-publish","4":"has-post-thumbnail","6":"product_brand-luzerne-en","7":"product_cat-chinaware","9":"first","10":"instock","11":"taxable","12":"shipping-taxable","13":"purchasable","14":"product-type-variable"},"acf":[],"_links":{"self":[{"href":"https:\/\/dandanessentials.com\/en\/wp-json\/wp\/v2\/product\/11651","targetHints":{"allow":["GET"]}}],"collection":[{"href":"https:\/\/dandanessentials.com\/en\/wp-json\/wp\/v2\/product"}],"about":[{"href":"https:\/\/dandanessentials.com\/en\/wp-json\/wp\/v2\/types\/product"}],"replies":[{"embeddable":true,"href":"https:\/\/dandanessentials.com\/en\/wp-json\/wp\/v2\/comments?post=11651"}],"wp:featuredmedia":[{"embeddable":true,"href":"https:\/\/dandanessentials.com\/en\/wp-json\/wp\/v2\/media\/12403"}],"wp:attachment":[{"href":"https:\/\/dandanessentials.com\/en\/wp-json\/wp\/v2\/media?parent=11651"}],"wp:term":[{"taxonomy":"product_brand","embeddable":true,"href":"https:\/\/dandanessentials.com\/en\/wp-json\/wp\/v2\/product_brand?post=11651"},{"taxonomy":"product_cat","embeddable":true,"href":"https:\/\/dandanessentials.com\/en\/wp-json\/wp\/v2\/product_cat?post=11651"},{"taxonomy":"product_tag","embeddable":true,"href":"https:\/\/dandanessentials.com\/en\/wp-json\/wp\/v2\/product_tag?post=11651"}],"curies":[{"name":"wp","href":"https:\/\/api.w.org\/{rel}","templated":true}]}}