{"id":11646,"date":"2021-07-23T17:03:21","date_gmt":"2021-07-23T17:03:21","guid":{"rendered":"https:\/\/dandanessentials.com\/product\/luzerne-lancaster-blue-cup\/"},"modified":"2025-12-08T12:30:54","modified_gmt":"2025-12-08T05:30:54","slug":"set-2-tach-dia-lot-luzerne-lancaster-garden","status":"publish","type":"product","link":"https:\/\/dandanessentials.com\/en\/product\/set-2-tach-dia-lot-luzerne-lancaster-garden\/","title":{"rendered":"Full Set 2 pcs T\u00e1ch &#038; D\u0129a L\u00f3t Luzerne LANCASTER GARDEN (T\u1eb7ng k\u00e8m 1 th\u00eca coffee)"},"content":{"rendered":"","protected":false},"excerpt":{"rendered":"<p>Ch\u1ea5t li\u1ec7u : G\u1ed1m s\u1ee9 cao c\u1ea5p<\/p>\n<p>Collection : Lancaster Garden<\/p>\n<p>Made in Singapore<\/p>\n<p><strong>Full set bao g\u1ed3m 5 s\u1ea3n ph\u1ea9m sau :<\/strong><\/p>\n<p><strong>*Qu\u00fd kh\u00e1ch vui l\u00f2ng ch\u1ecdn option :\u00a0<\/strong><\/p>\n<p><strong>\u0110\u01a1n v\u1ecb t\u00ednh l\u00e0 4 s\u1ea3n ph\u1ea9m \/ option<\/strong><\/p>\n<p>&#8211; 2 t\u00e1ch 78ml + 2 d\u0129a l\u00f3t 12cm + t\u1eb7ng 1 mu\u1ed7ng c\u00e0 ph\u00ea nh\u1ecf<\/p>\n<p>&#8211; 2 t\u00e1ch 170ml + 2 d\u0129a l\u00f3t 15.5cm + t\u1eb7ng 1 mu\u1ed7ng c\u00e0 ph\u00ea nh\u1ecf<\/p>\n","protected":false},"featured_media":12543,"comment_status":"open","ping_status":"closed","template":"","meta":{"_acf_changed":false},"product_brand":[147],"product_cat":[98],"product_tag":[],"class_list":{"0":"post-11646","1":"product","2":"type-product","3":"status-publish","4":"has-post-thumbnail","6":"product_brand-luzerne-en","7":"product_cat-chinaware","9":"first","10":"instock","11":"taxable","12":"shipping-taxable","13":"purchasable","14":"product-type-variable"},"acf":[],"_links":{"self":[{"href":"https:\/\/dandanessentials.com\/en\/wp-json\/wp\/v2\/product\/11646","targetHints":{"allow":["GET"]}}],"collection":[{"href":"https:\/\/dandanessentials.com\/en\/wp-json\/wp\/v2\/product"}],"about":[{"href":"https:\/\/dandanessentials.com\/en\/wp-json\/wp\/v2\/types\/product"}],"replies":[{"embeddable":true,"href":"https:\/\/dandanessentials.com\/en\/wp-json\/wp\/v2\/comments?post=11646"}],"wp:featuredmedia":[{"embeddable":true,"href":"https:\/\/dandanessentials.com\/en\/wp-json\/wp\/v2\/media\/12543"}],"wp:attachment":[{"href":"https:\/\/dandanessentials.com\/en\/wp-json\/wp\/v2\/media?parent=11646"}],"wp:term":[{"taxonomy":"product_brand","embeddable":true,"href":"https:\/\/dandanessentials.com\/en\/wp-json\/wp\/v2\/product_brand?post=11646"},{"taxonomy":"product_cat","embeddable":true,"href":"https:\/\/dandanessentials.com\/en\/wp-json\/wp\/v2\/product_cat?post=11646"},{"taxonomy":"product_tag","embeddable":true,"href":"https:\/\/dandanessentials.com\/en\/wp-json\/wp\/v2\/product_tag?post=11646"}],"curies":[{"name":"wp","href":"https:\/\/api.w.org\/{rel}","templated":true}]}}