{"id":11610,"date":"2025-10-16T15:34:48","date_gmt":"2025-10-16T08:34:48","guid":{"rendered":"https:\/\/dandanessentials.com\/product\/khay-phuc-vu-cambro-chong-truot-tron-mau-den\/"},"modified":"2025-12-08T13:43:29","modified_gmt":"2025-12-08T06:43:29","slug":"camtread-round-tray-with-non-slip-rubber-surface","status":"publish","type":"product","link":"https:\/\/dandanessentials.com\/en\/product\/camtread-round-tray-with-non-slip-rubber-surface\/","title":{"rendered":"Camtread Round Tray with non-slip rubber surface"},"content":{"rendered":"","protected":false},"excerpt":{"rendered":"<p>Camtread Round Tray with non-slip rubber surface, Size: \u00d835.5cm, Colour: Black \/ Khay ph\u1ee5c v\u1ee5 Cambro (s\u1ee3i thu\u1ef7 tinh fiberglass) ch\u1ed1ng tr\u01b0\u1ee3t tr\u00f2n m\u00e0u \u0111en<\/p>\n","protected":false},"featured_media":14160,"comment_status":"open","ping_status":"closed","template":"","meta":{"_acf_changed":false},"product_brand":[],"product_cat":[103,101],"product_tag":[],"class_list":{"0":"post-11610","1":"product","2":"type-product","3":"status-publish","4":"has-post-thumbnail","6":"product_cat-kitchen-equipment-and-premium-plastic-products","7":"product_cat-bar-products","9":"first","10":"instock","11":"taxable","12":"shipping-taxable","13":"purchasable","14":"product-type-variable"},"acf":[],"_links":{"self":[{"href":"https:\/\/dandanessentials.com\/en\/wp-json\/wp\/v2\/product\/11610","targetHints":{"allow":["GET"]}}],"collection":[{"href":"https:\/\/dandanessentials.com\/en\/wp-json\/wp\/v2\/product"}],"about":[{"href":"https:\/\/dandanessentials.com\/en\/wp-json\/wp\/v2\/types\/product"}],"replies":[{"embeddable":true,"href":"https:\/\/dandanessentials.com\/en\/wp-json\/wp\/v2\/comments?post=11610"}],"wp:featuredmedia":[{"embeddable":true,"href":"https:\/\/dandanessentials.com\/en\/wp-json\/wp\/v2\/media\/14160"}],"wp:attachment":[{"href":"https:\/\/dandanessentials.com\/en\/wp-json\/wp\/v2\/media?parent=11610"}],"wp:term":[{"taxonomy":"product_brand","embeddable":true,"href":"https:\/\/dandanessentials.com\/en\/wp-json\/wp\/v2\/product_brand?post=11610"},{"taxonomy":"product_cat","embeddable":true,"href":"https:\/\/dandanessentials.com\/en\/wp-json\/wp\/v2\/product_cat?post=11610"},{"taxonomy":"product_tag","embeddable":true,"href":"https:\/\/dandanessentials.com\/en\/wp-json\/wp\/v2\/product_tag?post=11610"}],"curies":[{"name":"wp","href":"https:\/\/api.w.org\/{rel}","templated":true}]}}