{"id":11609,"date":"2025-10-16T15:42:22","date_gmt":"2025-10-16T08:42:22","guid":{"rendered":"https:\/\/dandanessentials.com\/product\/thung-rac-di-kem-xe-day-phuc-vu\/"},"modified":"2025-11-05T09:30:39","modified_gmt":"2025-11-05T02:30:39","slug":"trash-container","status":"publish","type":"product","link":"https:\/\/dandanessentials.com\/en\/product\/trash-container\/","title":{"rendered":"Trash Container"},"content":{"rendered":"","protected":false},"excerpt":{"rendered":"<p>Trash Container 30ltr, Size: 33 x 24 x 56cm, Colour: Black \/ Th\u00f9ng r\u00e1c \u0111i k\u00e8m xe \u0111\u1ea9y ph\u1ee5c v\u1ee5 Cambro m\u00e0u \u0111en<\/p>\n","protected":false},"featured_media":11566,"comment_status":"open","ping_status":"closed","template":"","meta":{"_acf_changed":false},"product_brand":[],"product_cat":[103],"product_tag":[],"class_list":{"0":"post-11609","1":"product","2":"type-product","3":"status-publish","4":"has-post-thumbnail","6":"product_cat-kitchen-equipment-and-premium-plastic-products","8":"first","9":"instock","10":"taxable","11":"shipping-taxable","12":"purchasable","13":"product-type-simple"},"acf":[],"_links":{"self":[{"href":"https:\/\/dandanessentials.com\/en\/wp-json\/wp\/v2\/product\/11609","targetHints":{"allow":["GET"]}}],"collection":[{"href":"https:\/\/dandanessentials.com\/en\/wp-json\/wp\/v2\/product"}],"about":[{"href":"https:\/\/dandanessentials.com\/en\/wp-json\/wp\/v2\/types\/product"}],"replies":[{"embeddable":true,"href":"https:\/\/dandanessentials.com\/en\/wp-json\/wp\/v2\/comments?post=11609"}],"wp:featuredmedia":[{"embeddable":true,"href":"https:\/\/dandanessentials.com\/en\/wp-json\/wp\/v2\/media\/11566"}],"wp:attachment":[{"href":"https:\/\/dandanessentials.com\/en\/wp-json\/wp\/v2\/media?parent=11609"}],"wp:term":[{"taxonomy":"product_brand","embeddable":true,"href":"https:\/\/dandanessentials.com\/en\/wp-json\/wp\/v2\/product_brand?post=11609"},{"taxonomy":"product_cat","embeddable":true,"href":"https:\/\/dandanessentials.com\/en\/wp-json\/wp\/v2\/product_cat?post=11609"},{"taxonomy":"product_tag","embeddable":true,"href":"https:\/\/dandanessentials.com\/en\/wp-json\/wp\/v2\/product_tag?post=11609"}],"curies":[{"name":"wp","href":"https:\/\/api.w.org\/{rel}","templated":true}]}}