{"id":11691,"date":"2017-06-21T08:08:52","date_gmt":"2017-06-21T01:08:52","guid":{"rendered":"https:\/\/dandanessentials.com\/danh-sach-ua-thich\/"},"modified":"2025-11-05T13:09:58","modified_gmt":"2025-11-05T06:09:58","slug":"wishlist","status":"publish","type":"page","link":"https:\/\/dandanessentials.com\/en\/wishlist\/","title":{"rendered":"Wishlist"},"content":{"rendered":"\t\t\n\t\t\n\t\t<div class=\"\">\n\t\t\t\t\t\t<div class=\"wd-wishlist-content\">\n\t\t\t\t\t\t\t\t\t\t\t\n\t\t<p class=\"wd-empty-wishlist wd-empty-page\">\n\t\t\tThis wishlist is empty.\t\t<\/p>\n\n\t\t\t\t\t<div class=\"wd-empty-page-text\">\n\t\t\t\tB\u1ea1n ch\u01b0a c\u00f3 s\u1ea3n ph\u1ea9m n\u00e0o trong danh s\u00e1ch y\u00eau th\u00edch. B\u1ea1n s\u1ebd t\u00ecm th\u1ea5y r\u1ea5t nhi\u1ec1u s\u1ea3n ph\u1ea9m th\u00fa v\u1ecb tr\u00ean trang \u201cC\u1eeda h\u00e0ng\u201d c\u1ee7a ch\u00fang t\u00f4i.\t\t\t<\/div>\n\t\t\n\t\t\n\t\t\t\t\t<p class=\"return-to-shop\">\n\t\t\t\t<a class=\"button\" href=\"https:\/\/dandanessentials.com\/en\/product\/\">\n\t\t\t\t\tReturn to shop\t\t\t\t<\/a>\n\t\t\t<\/p>\n\t\t\t\t\t\t\t\t\t\t\t<\/div>\n\t\t\t\t<\/div>\n\t\t\n","protected":false},"excerpt":{"rendered":"This wishlist is empty. B\u1ea1n ch\u01b0a c\u00f3 s\u1ea3n ph\u1ea9m n\u00e0o trong danh s\u00e1ch y\u00eau th\u00edch. B\u1ea1n s\u1ebd t\u00ecm th\u1ea5y r\u1ea5t","protected":false},"author":1,"featured_media":0,"parent":0,"menu_order":6,"comment_status":"closed","ping_status":"closed","template":"","meta":{"_acf_changed":false,"footnotes":""},"class_list":["post-11691","page","type-page","status-publish","hentry"],"acf":[],"_links":{"self":[{"href":"https:\/\/dandanessentials.com\/en\/wp-json\/wp\/v2\/pages\/11691","targetHints":{"allow":["GET"]}}],"collection":[{"href":"https:\/\/dandanessentials.com\/en\/wp-json\/wp\/v2\/pages"}],"about":[{"href":"https:\/\/dandanessentials.com\/en\/wp-json\/wp\/v2\/types\/page"}],"author":[{"embeddable":true,"href":"https:\/\/dandanessentials.com\/en\/wp-json\/wp\/v2\/users\/1"}],"replies":[{"embeddable":true,"href":"https:\/\/dandanessentials.com\/en\/wp-json\/wp\/v2\/comments?post=11691"}],"version-history":[{"count":3,"href":"https:\/\/dandanessentials.com\/en\/wp-json\/wp\/v2\/pages\/11691\/revisions"}],"predecessor-version":[{"id":11694,"href":"https:\/\/dandanessentials.com\/en\/wp-json\/wp\/v2\/pages\/11691\/revisions\/11694"}],"wp:attachment":[{"href":"https:\/\/dandanessentials.com\/en\/wp-json\/wp\/v2\/media?parent=11691"}],"curies":[{"name":"wp","href":"https:\/\/api.w.org\/{rel}","templated":true}]}}